{"id":79,"date":"2018-11-30T11:24:20","date_gmt":"2018-11-30T11:24:20","guid":{"rendered":"https:\/\/imkereiweigand.live-website.com\/?page_id=79"},"modified":"2026-04-09T12:29:55","modified_gmt":"2026-04-09T10:29:55","slug":"home","status":"publish","type":"page","link":"https:\/\/imkerei-weigand.de\/","title":{"rendered":"Home \/ Bienenstockluft \/ chronische Sp\u00e4tfolgen COVID"},"content":{"rendered":"\n\n\n<h2><a title=\"Terminevereinbarung\" href=\"https:\/\/imkerei-weigand.de\/?page_id=81\"><strong>zur Terminvereinbarung\/Bienenstockluft-Inhalation<\/strong><\/a><\/h2>\n<p><a title=\"Api \u2013 Bienenstockluft\" href=\"https:\/\/imkerei-weigand.de\/?page_id=2\"><strong>mehr Informationen zur Api Bienenstockluft<\/strong><\/a><\/p>\n\n\n\n<p><a href=\"https:\/\/imkerei-weigand.de\/wp-content\/uploads\/2025\/11\/API_Broschuere_75_7.pdf\"><img loading=\"lazy\" decoding=\"async\" class=\"alignnone wp-image-1488 size-large\" title=\"Bienenstockluft-Inhalation im Bienenhaus mit Beecura-Ger\u00e4t\" src=\"https:\/\/imkerei-weigand.de\/wp-content\/uploads\/2025\/11\/Folie1-2-1-1024x791.jpg\" alt=\"Bienenstockluft-Inhalation im Bienenhaus mit Beecura-Ger\u00e4t\" width=\"730\" height=\"564\" srcset=\"https:\/\/imkerei-weigand.de\/wp-content\/uploads\/2025\/11\/Folie1-2-1-1024x791.jpg 1024w, https:\/\/imkerei-weigand.de\/wp-content\/uploads\/2025\/11\/Folie1-2-1-300x232.jpg 300w, https:\/\/imkerei-weigand.de\/wp-content\/uploads\/2025\/11\/Folie1-2-1-768x593.jpg 768w, https:\/\/imkerei-weigand.de\/wp-content\/uploads\/2025\/11\/Folie1-2-1.jpg 1056w\" sizes=\"auto, (max-width: 730px) 100vw, 730px\" \/><\/a><\/p>\n\n\n\n<p>Die Imkerei Weigand wird seit 1974 in zweiter Generation von Erich Weigand &amp; Katrin Kurzbach gef\u00fchrt.<\/p>\n\n\n\n<p>Unser Ziel ist es, den Bienen in artgerechten Beuten mit Naturstoffen ein Zuhause zu geben.<\/p>\n\n\n\n<p>Der Standort liegt in Deisenhofen, im M\u00fcnchener S\u00fcden an einer Waldrandlage, mit nur wenig Landwirtschaft, wo ein unglaublich geschmacksintensiver Nektar und Pollen von den Bienen eingetragen wird.<\/p>\n\n\n\n<p>Seit 2020 bietet die Imkerei Weigand auch die Bienenstockluft \u2013 Wellness \u2013 Inhalation in unserer&nbsp;<a href=\"https:\/\/imkerei-weigand.de\/?page_id=2\">Wellness Lounge<\/a>&nbsp;mit an.<\/p>\n\n\n\n<p>Gerne k\u00f6nnen Sie sich auch bei uns etwas f\u00fcr Leib und Seele g\u00f6nnen,<\/p>\n","protected":false},"excerpt":{"rendered":"<p>zur Terminvereinbarung\/Bienenstockluft-Inhalation mehr Informationen zur Api Bienenstockluft Die Imkerei Weigand wird seit 1974 in zweiter Generation von Erich Weigand &amp; Katrin Kurzbach gef\u00fchrt. Unser Ziel ist es, den Bienen in artgerechten Beuten mit Naturstoffen ein Zuhause zu geben. Der Standort liegt in Deisenhofen, im M\u00fcnchener S\u00fcden an einer Waldrandlage, mit nur wenig Landwirtschaft, wo ein unglaublich geschmacksintensiver <a href=\"https:\/\/imkerei-weigand.de\/\"> Read more&#8230;<\/a><\/p>\n","protected":false},"author":1,"featured_media":1559,"parent":0,"menu_order":0,"comment_status":"closed","ping_status":"closed","template":"","meta":{"om_disable_all_campaigns":false,"_monsterinsights_skip_tracking":false,"_monsterinsights_sitenote_active":false,"_monsterinsights_sitenote_note":"","_monsterinsights_sitenote_category":0,"_themeisle_gutenberg_block_has_review":false,"footnotes":""},"class_list":["post-79","page","type-page","status-publish","has-post-thumbnail","hentry"],"aioseo_notices":[],"_links":{"self":[{"href":"https:\/\/imkerei-weigand.de\/index.php?rest_route=\/wp\/v2\/pages\/79","targetHints":{"allow":["GET"]}}],"collection":[{"href":"https:\/\/imkerei-weigand.de\/index.php?rest_route=\/wp\/v2\/pages"}],"about":[{"href":"https:\/\/imkerei-weigand.de\/index.php?rest_route=\/wp\/v2\/types\/page"}],"author":[{"embeddable":true,"href":"https:\/\/imkerei-weigand.de\/index.php?rest_route=\/wp\/v2\/users\/1"}],"replies":[{"embeddable":true,"href":"https:\/\/imkerei-weigand.de\/index.php?rest_route=%2Fwp%2Fv2%2Fcomments&post=79"}],"version-history":[{"count":4,"href":"https:\/\/imkerei-weigand.de\/index.php?rest_route=\/wp\/v2\/pages\/79\/revisions"}],"predecessor-version":[{"id":1569,"href":"https:\/\/imkerei-weigand.de\/index.php?rest_route=\/wp\/v2\/pages\/79\/revisions\/1569"}],"wp:featuredmedia":[{"embeddable":true,"href":"https:\/\/imkerei-weigand.de\/index.php?rest_route=\/wp\/v2\/media\/1559"}],"wp:attachment":[{"href":"https:\/\/imkerei-weigand.de\/index.php?rest_route=%2Fwp%2Fv2%2Fmedia&parent=79"}],"curies":[{"name":"wp","href":"https:\/\/api.w.org\/{rel}","templated":true}]}}