{"id":520,"date":"2020-01-08T09:41:25","date_gmt":"2020-01-08T08:41:25","guid":{"rendered":"https:\/\/imkerei-weigand.de\/?page_id=520"},"modified":"2020-01-09T15:17:09","modified_gmt":"2020-01-09T14:17:09","slug":"preise","status":"publish","type":"page","link":"https:\/\/imkerei-weigand.de\/?page_id=520","title":{"rendered":"Preise"},"content":{"rendered":"\n<section class=\"elementor-element elementor-element-0befeca elementor-section-boxed elementor-section-height-default elementor-section-height-default elementor-section elementor-top-section\" data-id=\"0befeca\" data-element_type=\"section\">\n<div class=\"elementor-container elementor-column-gap-default\">\n<div class=\"elementor-row\">\n<div class=\"elementor-element elementor-element-02dcbc0 elementor-column elementor-col-100 elementor-top-column\" data-id=\"02dcbc0\" data-element_type=\"column\">\n<div class=\"elementor-column-wrap  elementor-element-populated\">\n<div class=\"elementor-widget-wrap\">\n<section class=\"elementor-element elementor-element-0befeca elementor-section-boxed elementor-section-height-default elementor-section-height-default elementor-section elementor-top-section\" data-id=\"0befeca\" data-element_type=\"section\">\n<div class=\"elementor-container elementor-column-gap-default\">\n<div class=\"elementor-row\">\n<div class=\"elementor-element elementor-element-02dcbc0 elementor-column elementor-col-100 elementor-top-column\" data-id=\"02dcbc0\" data-element_type=\"column\">\n<div class=\"elementor-column-wrap  elementor-element-populated\">\n<div class=\"elementor-widget-wrap\">\n<div class=\"elementor-element elementor-element-6bf4af7 elementor-widget elementor-widget-text-editor\" data-id=\"6bf4af7\" data-element_type=\"widget\" data-widget_type=\"text-editor.default\">\n<div class=\"elementor-widget-container\">\n<div class=\"elementor-text-editor elementor-clearfix\">\n<p>Bienstockluftinhaltion &#8211; Kosten und Kosten\u00fcbernahme<\/p>\n<p>Die Kosten f\u00fcr die Bienenstockluftinhalation werden nicht von den Krankenkassen \u00fcbernommen, sondern sind selbst zu tragen. Fragen Sie aber gerne bei Ihrer Krankenkasse nach. Einige davon, \u00fcberwiegend private Kassen, \u00fcbernehmen die Kosten f\u00fcr naturheilkundliche Anwendungen.<\/p>\n<p>Basisbehandlung\u00a0\u00a0\u00a0\u00a0\u00a0 =\u00a0\u00a0 6 Behandlungen je 30 Minuten<\/p>\n<p>Aufbaubehandlung\u00a0 = 12\u00a0 Behandlungen je 30 Minuten<\/p>\n<p>Intensivbehandlung = 24 Behandlungen je 30 Minuten<\/p>\n<p>Preise auf Anfrage<\/p>\n<\/div>\n<\/div>\n<\/div>\n<\/div>\n<\/div>\n<\/div>\n<\/div>\n<\/div>\n<\/section>\n<\/div>\n<\/div>\n<\/div>\n<\/div>\n<\/div>\n<\/section>\n","protected":false},"excerpt":{"rendered":"<p>Bienstockluftinhaltion &#8211; Kosten und Kosten\u00fcbernahme Die Kosten f\u00fcr die Bienenstockluftinhalation werden nicht von den Krankenkassen \u00fcbernommen, sondern sind selbst zu tragen. Fragen Sie aber gerne bei Ihrer Krankenkasse nach. Einige davon, \u00fcberwiegend private Kassen, \u00fcbernehmen die Kosten f\u00fcr naturheilkundliche Anwendungen. Basisbehandlung\u00a0\u00a0\u00a0\u00a0\u00a0 =\u00a0\u00a0 6 Behandlungen je 30 Minuten Aufbaubehandlung\u00a0 = 12\u00a0 Behandlungen je 30 Minuten Intensivbehandlung = 24 <a href=\"https:\/\/imkerei-weigand.de\/?page_id=520\"> Read more&#8230;<\/a><\/p>\n","protected":false},"author":1,"featured_media":0,"parent":0,"menu_order":0,"comment_status":"closed","ping_status":"closed","template":"","meta":{"om_disable_all_campaigns":false,"_monsterinsights_skip_tracking":false,"_monsterinsights_sitenote_active":false,"_monsterinsights_sitenote_note":"","_monsterinsights_sitenote_category":0,"_themeisle_gutenberg_block_has_review":false,"footnotes":""},"class_list":["post-520","page","type-page","status-publish","hentry"],"aioseo_notices":[],"_links":{"self":[{"href":"https:\/\/imkerei-weigand.de\/index.php?rest_route=\/wp\/v2\/pages\/520","targetHints":{"allow":["GET"]}}],"collection":[{"href":"https:\/\/imkerei-weigand.de\/index.php?rest_route=\/wp\/v2\/pages"}],"about":[{"href":"https:\/\/imkerei-weigand.de\/index.php?rest_route=\/wp\/v2\/types\/page"}],"author":[{"embeddable":true,"href":"https:\/\/imkerei-weigand.de\/index.php?rest_route=\/wp\/v2\/users\/1"}],"replies":[{"embeddable":true,"href":"https:\/\/imkerei-weigand.de\/index.php?rest_route=%2Fwp%2Fv2%2Fcomments&post=520"}],"version-history":[{"count":0,"href":"https:\/\/imkerei-weigand.de\/index.php?rest_route=\/wp\/v2\/pages\/520\/revisions"}],"wp:attachment":[{"href":"https:\/\/imkerei-weigand.de\/index.php?rest_route=%2Fwp%2Fv2%2Fmedia&parent=520"}],"curies":[{"name":"wp","href":"https:\/\/api.w.org\/{rel}","templated":true}]}}