{"id":414,"date":"2019-05-27T15:48:41","date_gmt":"2019-05-27T13:48:41","guid":{"rendered":"https:\/\/imkerei-weigand.de\/?page_id=414"},"modified":"2026-04-08T14:36:56","modified_gmt":"2026-04-08T12:36:56","slug":"api-air-station","status":"publish","type":"page","link":"https:\/\/imkerei-weigand.de\/?page_id=414","title":{"rendered":"API &#8211; STATION"},"content":{"rendered":"\n<figure class=\"wp-block-image size-large\"><img loading=\"lazy\" decoding=\"async\" width=\"1024\" height=\"558\" src=\"https:\/\/imkerei-weigand.de\/wp-content\/uploads\/2026\/04\/API-1024x558.png\" alt=\"\" class=\"wp-image-1559\" srcset=\"https:\/\/imkerei-weigand.de\/wp-content\/uploads\/2026\/04\/API-1024x558.png 1024w, https:\/\/imkerei-weigand.de\/wp-content\/uploads\/2026\/04\/API-300x164.png 300w, https:\/\/imkerei-weigand.de\/wp-content\/uploads\/2026\/04\/API-768x419.png 768w, https:\/\/imkerei-weigand.de\/wp-content\/uploads\/2026\/04\/API.png 1379w\" sizes=\"auto, (max-width: 1024px) 100vw, 1024px\" \/><\/figure>\n\n\n\n<p><span style=\"color: #3366ff;\"><strong>Suche Arzt\/Heilpraktiker zur Kooperation um mit apitherapeutischen M\u00f6glichkeiten Atemwegsbeschwerden zu lindern und auf nat\u00fcrliche Weise zu behandeln<\/strong><\/span><\/p>\n<p><span style=\"color: #ff6600;\"><strong><a style=\"color: #ff6600;\" href=\"https:\/\/imkerei-weigand.de\/?page_id=2\">Informationen zur Wellness &#8211; Lounge<\/a><\/strong><\/span><\/p>\n<p>Die Atmosph\u00e4re mit Bienensummen und Vogelgezwitscher ist jedes Mal wie eine kurze Pause aus dem Alltag<\/p>\n\n\n\n<figure class=\"wp-block-gallery has-nested-images columns-default is-cropped wp-block-gallery-2 is-layout-flex wp-block-gallery-is-layout-flex\">\n<figure class=\"wp-block-image size-large\"><img loading=\"lazy\" decoding=\"async\" width=\"1024\" height=\"768\" data-id=\"408\" src=\"https:\/\/imkerei-weigand.de\/wp-content\/uploads\/2019\/05\/IMG_4498-1-1024x768.jpg\" alt=\"\" class=\"wp-image-408\" srcset=\"https:\/\/imkerei-weigand.de\/wp-content\/uploads\/2019\/05\/IMG_4498-1-1024x768.jpg 1024w, https:\/\/imkerei-weigand.de\/wp-content\/uploads\/2019\/05\/IMG_4498-1-300x225.jpg 300w, https:\/\/imkerei-weigand.de\/wp-content\/uploads\/2019\/05\/IMG_4498-1-768x576.jpg 768w, https:\/\/imkerei-weigand.de\/wp-content\/uploads\/2019\/05\/IMG_4498-1.jpg 2016w\" sizes=\"auto, (max-width: 1024px) 100vw, 1024px\" \/><\/figure>\n\n\n\n<figure class=\"wp-block-image size-large\"><img loading=\"lazy\" decoding=\"async\" width=\"1024\" height=\"768\" data-id=\"1480\" src=\"https:\/\/imkerei-weigand.de\/wp-content\/uploads\/2025\/11\/Biennehaus1-1024x768.jpg\" alt=\"\" class=\"wp-image-1480\" srcset=\"https:\/\/imkerei-weigand.de\/wp-content\/uploads\/2025\/11\/Biennehaus1-1024x768.jpg 1024w, https:\/\/imkerei-weigand.de\/wp-content\/uploads\/2025\/11\/Biennehaus1-300x225.jpg 300w, https:\/\/imkerei-weigand.de\/wp-content\/uploads\/2025\/11\/Biennehaus1-768x576.jpg 768w, https:\/\/imkerei-weigand.de\/wp-content\/uploads\/2025\/11\/Biennehaus1-1536x1152.jpg 1536w, https:\/\/imkerei-weigand.de\/wp-content\/uploads\/2025\/11\/Biennehaus1-2048x1536.jpg 2048w\" sizes=\"auto, (max-width: 1024px) 100vw, 1024px\" \/><\/figure>\n\n\n\n<figure class=\"wp-block-image size-large\"><img loading=\"lazy\" decoding=\"async\" width=\"1024\" height=\"768\" data-id=\"407\" src=\"https:\/\/imkerei-weigand.de\/wp-content\/uploads\/2019\/05\/IMG_4495-1-1-1024x768.jpg\" alt=\"\" class=\"wp-image-407\" srcset=\"https:\/\/imkerei-weigand.de\/wp-content\/uploads\/2019\/05\/IMG_4495-1-1-1024x768.jpg 1024w, https:\/\/imkerei-weigand.de\/wp-content\/uploads\/2019\/05\/IMG_4495-1-1-300x225.jpg 300w, https:\/\/imkerei-weigand.de\/wp-content\/uploads\/2019\/05\/IMG_4495-1-1-768x576.jpg 768w, https:\/\/imkerei-weigand.de\/wp-content\/uploads\/2019\/05\/IMG_4495-1-1.jpg 2016w\" sizes=\"auto, (max-width: 1024px) 100vw, 1024px\" \/><\/figure>\n\n\n\n<figure class=\"wp-block-image size-large\"><img loading=\"lazy\" decoding=\"async\" width=\"1024\" height=\"768\" data-id=\"1483\" src=\"https:\/\/imkerei-weigand.de\/wp-content\/uploads\/2025\/11\/Bienenhaus2-1024x768.jpg\" alt=\"\" class=\"wp-image-1483\" srcset=\"https:\/\/imkerei-weigand.de\/wp-content\/uploads\/2025\/11\/Bienenhaus2-1024x768.jpg 1024w, https:\/\/imkerei-weigand.de\/wp-content\/uploads\/2025\/11\/Bienenhaus2-300x225.jpg 300w, https:\/\/imkerei-weigand.de\/wp-content\/uploads\/2025\/11\/Bienenhaus2-768x576.jpg 768w, https:\/\/imkerei-weigand.de\/wp-content\/uploads\/2025\/11\/Bienenhaus2-1536x1152.jpg 1536w, https:\/\/imkerei-weigand.de\/wp-content\/uploads\/2025\/11\/Bienenhaus2-2048x1536.jpg 2048w\" sizes=\"auto, (max-width: 1024px) 100vw, 1024px\" \/><\/figure>\n\n\n\n<figure class=\"wp-block-image size-large\"><a href=\"https:\/\/imkerei-weigand.de\/wp-content\/uploads\/2019\/05\/IMG_4495-1.jpg\" target=\"_blank\" rel=\" noreferrer noopener\"><img loading=\"lazy\" decoding=\"async\" width=\"1024\" height=\"768\" data-id=\"394\" src=\"https:\/\/imkerei-weigand.de\/wp-content\/uploads\/2019\/05\/IMG_4495-1-1024x768.jpg\" alt=\"\" class=\"wp-image-394\" srcset=\"https:\/\/imkerei-weigand.de\/wp-content\/uploads\/2019\/05\/IMG_4495-1-1024x768.jpg 1024w, https:\/\/imkerei-weigand.de\/wp-content\/uploads\/2019\/05\/IMG_4495-1-300x225.jpg 300w, https:\/\/imkerei-weigand.de\/wp-content\/uploads\/2019\/05\/IMG_4495-1-768x576.jpg 768w, https:\/\/imkerei-weigand.de\/wp-content\/uploads\/2019\/05\/IMG_4495-1.jpg 2016w\" sizes=\"auto, (max-width: 1024px) 100vw, 1024px\" \/><\/a><\/figure>\n\n\n\n<figure class=\"wp-block-image size-large\"><img loading=\"lazy\" decoding=\"async\" width=\"753\" height=\"1024\" data-id=\"1484\" src=\"https:\/\/imkerei-weigand.de\/wp-content\/uploads\/2025\/11\/Bienehaus5-753x1024.jpg\" alt=\"\" class=\"wp-image-1484\" srcset=\"https:\/\/imkerei-weigand.de\/wp-content\/uploads\/2025\/11\/Bienehaus5-753x1024.jpg 753w, https:\/\/imkerei-weigand.de\/wp-content\/uploads\/2025\/11\/Bienehaus5-221x300.jpg 221w, https:\/\/imkerei-weigand.de\/wp-content\/uploads\/2025\/11\/Bienehaus5-768x1044.jpg 768w, https:\/\/imkerei-weigand.de\/wp-content\/uploads\/2025\/11\/Bienehaus5-1130x1536.jpg 1130w, https:\/\/imkerei-weigand.de\/wp-content\/uploads\/2025\/11\/Bienehaus5-1506x2048.jpg 1506w, https:\/\/imkerei-weigand.de\/wp-content\/uploads\/2025\/11\/Bienehaus5-scaled.jpg 1883w\" sizes=\"auto, (max-width: 753px) 100vw, 753px\" \/><\/figure>\n\n\n\n<figure class=\"wp-block-image size-large\"><img loading=\"lazy\" decoding=\"async\" width=\"1024\" height=\"768\" data-id=\"409\" src=\"https:\/\/imkerei-weigand.de\/wp-content\/uploads\/2019\/05\/IMG_4504-1-1024x768.jpg\" alt=\"\" class=\"wp-image-409\" srcset=\"https:\/\/imkerei-weigand.de\/wp-content\/uploads\/2019\/05\/IMG_4504-1-1024x768.jpg 1024w, https:\/\/imkerei-weigand.de\/wp-content\/uploads\/2019\/05\/IMG_4504-1-300x225.jpg 300w, https:\/\/imkerei-weigand.de\/wp-content\/uploads\/2019\/05\/IMG_4504-1-768x576.jpg 768w, https:\/\/imkerei-weigand.de\/wp-content\/uploads\/2019\/05\/IMG_4504-1.jpg 2016w\" sizes=\"auto, (max-width: 1024px) 100vw, 1024px\" \/><\/figure>\n<\/figure>\n\n\n\n\n","protected":false},"excerpt":{"rendered":"<p>Suche Arzt\/Heilpraktiker zur Kooperation um mit apitherapeutischen M\u00f6glichkeiten Atemwegsbeschwerden zu lindern und auf nat\u00fcrliche Weise zu behandeln Informationen zur Wellness &#8211; Lounge Die Atmosph\u00e4re mit Bienensummen und Vogelgezwitscher ist jedes Mal wie eine kurze Pause aus dem Alltag<\/p>\n","protected":false},"author":1,"featured_media":0,"parent":0,"menu_order":0,"comment_status":"closed","ping_status":"closed","template":"","meta":{"om_disable_all_campaigns":false,"_monsterinsights_skip_tracking":false,"_monsterinsights_sitenote_active":false,"_monsterinsights_sitenote_note":"","_monsterinsights_sitenote_category":0,"_themeisle_gutenberg_block_has_review":false,"footnotes":""},"class_list":["post-414","page","type-page","status-publish","hentry"],"aioseo_notices":[],"_links":{"self":[{"href":"https:\/\/imkerei-weigand.de\/index.php?rest_route=\/wp\/v2\/pages\/414","targetHints":{"allow":["GET"]}}],"collection":[{"href":"https:\/\/imkerei-weigand.de\/index.php?rest_route=\/wp\/v2\/pages"}],"about":[{"href":"https:\/\/imkerei-weigand.de\/index.php?rest_route=\/wp\/v2\/types\/page"}],"author":[{"embeddable":true,"href":"https:\/\/imkerei-weigand.de\/index.php?rest_route=\/wp\/v2\/users\/1"}],"replies":[{"embeddable":true,"href":"https:\/\/imkerei-weigand.de\/index.php?rest_route=%2Fwp%2Fv2%2Fcomments&post=414"}],"version-history":[{"count":2,"href":"https:\/\/imkerei-weigand.de\/index.php?rest_route=\/wp\/v2\/pages\/414\/revisions"}],"predecessor-version":[{"id":1561,"href":"https:\/\/imkerei-weigand.de\/index.php?rest_route=\/wp\/v2\/pages\/414\/revisions\/1561"}],"wp:attachment":[{"href":"https:\/\/imkerei-weigand.de\/index.php?rest_route=%2Fwp%2Fv2%2Fmedia&parent=414"}],"curies":[{"name":"wp","href":"https:\/\/api.w.org\/{rel}","templated":true}]}}