{"id":2,"date":"2018-11-30T08:17:45","date_gmt":"2018-11-30T07:17:45","guid":{"rendered":"http:\/\/imkereiweigand.live-website.com\/?page_id=2"},"modified":"2025-11-17T00:04:04","modified_gmt":"2025-11-16T23:04:04","slug":"bienenstockluft","status":"publish","type":"page","link":"https:\/\/imkerei-weigand.de\/?page_id=2","title":{"rendered":"Api &#8211; Bienenstockluft"},"content":{"rendered":"\n<p>Liebe\nInteressenten der Bienenstockluft,<\/p>\n\n\n\n<p>wir\nm\u00f6chten uns bei Ihnen als Imker im Raum Oberhaching und M\u00fcnchen vorstellen.<\/p>\n\n\n\n<p>wir bieten Bienenstockluft, in einem daf\u00fcr erstellten Bienenhaus, zum Inhalieren an.<\/p>\n\n\n\n<p>Wie\nfunktioniert das Beecura-Inhalationsger\u00e4t?<\/p>\n\n\n\n<p>Durch\ndas Bienenstockluftatmen er\u00f6ffnet sich Atemwegspatienten ein wahrer\nMedizinschrank aus der Natur. Die Natur schenkt uns seit Jahrtausenden ganz\nnat\u00fcrliche Medizin. Dieses Wissen wahr zu nehmen ist in Vergessenheit geraten.\nHonig und Propolis sind seit Jahrtausenden f\u00fcr ihre heilende Wirkung bekannt.<\/p>\n\n\n\n<p>Im\nBienenstock herrschen konstant 35 Grad Celsius welche die ideale Temperatur der\nAtemluft ist. Das im Bienenstock befindliche einzigartige Luftgemisch setzt\nsich aus Pollen, Propolis, Harzen, Honig, Wachs und weiteren nat\u00fcrlichen\nSubstanzen zusammen. Diese kann nun ohne die Bienen zu st\u00f6ren, durch das\nBeecura Inhalationsger\u00e4t sanft angesaugt und \u00fcber einen beheizten Schlauch zur\nInhalationsmaske geleitet werden.&nbsp; Ein Gitter im Deckel verhindert, dass\ndie Bienen in den Schlauch gelangen k\u00f6nnen.<\/p>\n\n\n\n<p>Die\nAnwender atmen die Bienenstockluft \u00fcber die Inhalationsmaske in einer\n30-min\u00fctigen, entspannenden Sitzung ein.<\/p>\n\n\n\n<p>Die\nBehandlung kann von Mai bis September durchgef\u00fchrt werden.<\/p>\n\n\n\n<p>Dieses System wurde von J\u00fcrgen Schmiedgen (zertifizierter Bio- und Apitherapie-Imker) entwickelt, medizinisch zugelassen und f\u00fcr die Therapie anwendbar gemacht.<\/p>\n\n\n\n<figure class=\"wp-block-image is-resized\"><img loading=\"lazy\" decoding=\"async\" width=\"558\" height=\"379\" src=\"https:\/\/imkerei-weigand.de\/wp-content\/uploads\/2018\/11\/Beecura.jpg\" alt=\"\" class=\"wp-image-136\" style=\"width:295px;height:200px\" srcset=\"https:\/\/imkerei-weigand.de\/wp-content\/uploads\/2018\/11\/Beecura.jpg 558w, https:\/\/imkerei-weigand.de\/wp-content\/uploads\/2018\/11\/Beecura-300x204.jpg 300w, https:\/\/imkerei-weigand.de\/wp-content\/uploads\/2018\/11\/Beecura-555x377.jpg 555w\" sizes=\"auto, (max-width: 558px) 100vw, 558px\" \/><\/figure>\n\n\n\n<p>Durch\ndas neue System mit dem beheizbaren Schlauch ist es m\u00f6glich, ein kondensieren\nder Luft beim Inhalieren zu vermeiden und somit ist es gelungen die\nInhaltsstoffe der Bienenstockluft wie \u00e4therischen \u00d6le, unz\u00e4hlige wertvolle\nInhaltsstoffe aus Honig, Pollen, Wachs und Propolis in der Behandlung der\nAtemwegserkrankungen einzusetzen.<\/p>\n\n\n\n<p>Ein\nKontakt zu den Bienen muss unbedingt vermieden werden, dazu ist eine spezielle\nApistation notwendig. Die Bienen sind abgegrenzt vom Therapieraum. Die\nBienenstockluft wird \u00fcber den Schlauch in eine Atemmaske geleitet. Zus\u00e4tzliche\nSicherheitsventile verhindern ein Eindringen der Bienen.<\/p>\n\n\n\n<p>Durch\nBienenstockluft k\u00f6nnen folgende Indikationen beeinflu\u00dft werden:<\/p>\n\n\n\n<ul class=\"wp-block-list\">\n<li>Bronchitis<\/li>\n\n\n\n<li>Asthma<\/li>\n\n\n\n<li>Heuschnupfen<\/li>\n\n\n\n<li>Pseudokrupp<\/li>\n\n\n\n<li>Infektanf\u00e4lligkeiten<\/li>\n\n\n\n<li>chronischen Kopfschmerzen<\/li>\n\n\n\n<li>Nasennebenh\u00f6hlen-Entz\u00fcndungen<\/li>\n\n\n\n<li>COPD (<strong>c<\/strong>hronic <strong>o<\/strong>bstructive <strong>p<\/strong>ulmonary <strong>d<\/strong>isease)<\/li>\n<\/ul>\n\n\n\n<p>Als Vorbereitung zur ersten Anwendung muss die Anamnese des Patienten, sowie ein Allergietest beim Arzt, Dermatologen oder zugelassenen Heilpraktiker durchgef\u00fchrt werden. Um allergische Reaktionen auszuschlie\u00dfen wird vor der ersten Behandlung eine Probeinhalation durchgef\u00fchrt.<\/p>\n\n\n\n<p>Patienten,\ndie eine Allergie gegen Bienengift haben, sollten immer ein Allergie Notfallset\nbei sich tragen.<\/p>\n\n\n\n<p>Wir\nw\u00fcrden uns sehr freuen Ihr Interesse geweckt zu haben.<\/p>\n\n\n\n<p>Unter folgendem Link k\u00f6nnen Sie entsprechend Termine vereinbaren und es steht ein Anamnesebogen zum Download bereit .<\/p>\n\n\n\n<p><a href=\"https:\/\/imkerei-weigand.de\/?page_id=81\" target=\"_blank\" rel=\"noreferrer noopener\">Termine f\u00fcr Bienenstockluft Inhalation<\/a><\/p>\n\n\n\n<p> <a href=\"https:\/\/imkerei-weigand.de\/wp-content\/uploads\/2019\/05\/Anamnesebogen.pdf\" target=\"_blank\" rel=\"noreferrer noopener\" aria-label=\"Anamnesebogen  (\u00f6ffnet in neuem Tab)\">Anamnesebogen <\/a><\/p>\n\n\n\n<p>Anschlie\u00dfend finden Sie noch ein paar sehr interessante Links und Information \u00fcber die Bienestockluft &#8211; Therapie <\/p>\n\n\n\n<p><\/p>\n\n\n\n<p><a href=\"https:\/\/www.aerztezeitung.de\/medizin\/krankheiten\/atemwegskrankheiten\/article\/963358\/chemische-analyse-heilende-luft-bienenstock.html\" target=\"_blank\" rel=\"noreferrer noopener\">\u00c4rztezeitung&nbsp;<\/a><\/p>\n\n\n\n<p><a href=\"https:\/\/www.beecura.com\/apitherapie\/#anwendung\" target=\"_blank\" rel=\"noopener\" title=\"\">Beecura System<\/a><\/p>\n\n\n\n<p><\/p>\n\n\n\n<p>Herzlichst<\/p>\n\n\n\n<p>Erich\nWeigand<\/p>\n\n\n\n<p>Imkerei\nWeigand, Tegernseer Weg 32, 82041 Oberhaching<\/p>\n","protected":false},"excerpt":{"rendered":"<p>Liebe Interessenten der Bienenstockluft, wir m\u00f6chten uns bei Ihnen als Imker im Raum Oberhaching und M\u00fcnchen vorstellen. wir bieten Bienenstockluft, in einem daf\u00fcr erstellten Bienenhaus, zum Inhalieren an. Wie funktioniert das Beecura-Inhalationsger\u00e4t? Durch das Bienenstockluftatmen er\u00f6ffnet sich Atemwegspatienten ein wahrer Medizinschrank aus der Natur. Die Natur schenkt uns seit Jahrtausenden ganz nat\u00fcrliche Medizin. Dieses Wissen wahr zu <a href=\"https:\/\/imkerei-weigand.de\/?page_id=2\"> Read more&#8230;<\/a><\/p>\n","protected":false},"author":1,"featured_media":0,"parent":0,"menu_order":0,"comment_status":"closed","ping_status":"closed","template":"","meta":{"om_disable_all_campaigns":false,"_monsterinsights_skip_tracking":false,"_monsterinsights_sitenote_active":false,"_monsterinsights_sitenote_note":"","_monsterinsights_sitenote_category":0,"_themeisle_gutenberg_block_has_review":false,"footnotes":""},"class_list":["post-2","page","type-page","status-publish","hentry"],"aioseo_notices":[],"_links":{"self":[{"href":"https:\/\/imkerei-weigand.de\/index.php?rest_route=\/wp\/v2\/pages\/2","targetHints":{"allow":["GET"]}}],"collection":[{"href":"https:\/\/imkerei-weigand.de\/index.php?rest_route=\/wp\/v2\/pages"}],"about":[{"href":"https:\/\/imkerei-weigand.de\/index.php?rest_route=\/wp\/v2\/types\/page"}],"author":[{"embeddable":true,"href":"https:\/\/imkerei-weigand.de\/index.php?rest_route=\/wp\/v2\/users\/1"}],"replies":[{"embeddable":true,"href":"https:\/\/imkerei-weigand.de\/index.php?rest_route=%2Fwp%2Fv2%2Fcomments&post=2"}],"version-history":[{"count":0,"href":"https:\/\/imkerei-weigand.de\/index.php?rest_route=\/wp\/v2\/pages\/2\/revisions"}],"wp:attachment":[{"href":"https:\/\/imkerei-weigand.de\/index.php?rest_route=%2Fwp%2Fv2%2Fmedia&parent=2"}],"curies":[{"name":"wp","href":"https:\/\/api.w.org\/{rel}","templated":true}]}}