{"id":151,"date":"2018-11-30T19:11:36","date_gmt":"2018-11-30T19:11:36","guid":{"rendered":"https:\/\/imkerei-weigand.de\/?page_id=151"},"modified":"2025-12-07T00:36:09","modified_gmt":"2025-12-06T23:36:09","slug":"ueber-uns","status":"publish","type":"page","link":"https:\/\/imkerei-weigand.de\/?page_id=151","title":{"rendered":"\u00dcber uns"},"content":{"rendered":"<p>Die Imkerei Weigand wird seit 1974 in zweiter Generation von Erich Weigand &amp; Katrin Kurzbach gef\u00fchrt.<\/p>\n<div id='gallery-1' class='gallery galleryid-151 gallery-columns-4 gallery-size-thumbnail'><figure class='gallery-item'>\n\t\t\t<div class='gallery-icon portrait'>\n\t\t\t\t<a href='https:\/\/imkerei-weigand.de\/wp-content\/uploads\/2020\/05\/91FAF407-A67A-4BC6-8EB7-C9D84CFF5E34-scaled.jpeg'><img loading=\"lazy\" decoding=\"async\" width=\"150\" height=\"150\" src=\"https:\/\/imkerei-weigand.de\/wp-content\/uploads\/2020\/05\/91FAF407-A67A-4BC6-8EB7-C9D84CFF5E34-150x150.jpeg\" class=\"attachment-thumbnail size-thumbnail\" alt=\"\" \/><\/a>\n\t\t\t<\/div><\/figure><figure class='gallery-item'>\n\t\t\t<div class='gallery-icon landscape'>\n\t\t\t\t<a href='https:\/\/imkerei-weigand.de\/wp-content\/uploads\/2025\/11\/Bildschirmfoto-2025-05-29-um-13.04.00.png'><img loading=\"lazy\" decoding=\"async\" width=\"150\" height=\"150\" src=\"https:\/\/imkerei-weigand.de\/wp-content\/uploads\/2025\/11\/Bildschirmfoto-2025-05-29-um-13.04.00-150x150.png\" class=\"attachment-thumbnail size-thumbnail\" alt=\"\" \/><\/a>\n\t\t\t<\/div><\/figure><figure class='gallery-item'>\n\t\t\t<div class='gallery-icon portrait'>\n\t\t\t\t<a href='https:\/\/imkerei-weigand.de\/wp-content\/uploads\/2018\/11\/Wabe-mit-Bienen-und-Brut.jpg'><img loading=\"lazy\" decoding=\"async\" width=\"150\" height=\"150\" src=\"https:\/\/imkerei-weigand.de\/wp-content\/uploads\/2018\/11\/Wabe-mit-Bienen-und-Brut-150x150.jpg\" class=\"attachment-thumbnail size-thumbnail\" alt=\"\" srcset=\"https:\/\/imkerei-weigand.de\/wp-content\/uploads\/2018\/11\/Wabe-mit-Bienen-und-Brut-150x150.jpg 150w, https:\/\/imkerei-weigand.de\/wp-content\/uploads\/2018\/11\/Wabe-mit-Bienen-und-Brut-160x160.jpg 160w\" sizes=\"auto, (max-width: 150px) 100vw, 150px\" \/><\/a>\n\t\t\t<\/div><\/figure><figure class='gallery-item'>\n\t\t\t<div class='gallery-icon landscape'>\n\t\t\t\t<a href='https:\/\/imkerei-weigand.de\/wp-content\/uploads\/2025\/11\/Bildschirmfoto-2025-05-29-um-13.34.46.png'><img loading=\"lazy\" decoding=\"async\" width=\"150\" height=\"150\" src=\"https:\/\/imkerei-weigand.de\/wp-content\/uploads\/2025\/11\/Bildschirmfoto-2025-05-29-um-13.34.46-150x150.png\" class=\"attachment-thumbnail size-thumbnail\" alt=\"\" \/><\/a>\n\t\t\t<\/div><\/figure>\n\t\t<\/div>\n\n<p>Unser Ziel ist es, den Bienen in artgerechten Beuten mit Naturstoffen ein Zuhause zu geben.<\/p>\n<p>Der Standort liegt in Deisenhofen, im M\u00fcnchener S\u00fcden an einer Waldrandlage, mit nur wenig Landwirtschaft, wo ein unglaublich geschmacksintensiver Nektar und Pollen von den Bienen eingetragen wird.<\/p>\n<p>Seit 2020 bietet die Imkerei Weigand auch die Bienenstockluft &#8211; Wellness &#8211; Inhalation in unserer\u00a0<a href=\"https:\/\/imkerei-weigand.de\/?page_id=2\">Wellness Lounge<\/a> mit an.<\/p>\n<p>Gerne k\u00f6nnen Sie sich auch bei uns etwas f\u00fcr Leib und Seele g\u00f6nnen,<\/p>\n<p>Sie finden uns unter folgender Adresse:<\/p>\n<p>Weigand Erich<\/p>\n<p>82041 Oberhaching \/ Deisenhofen, Alte Oberbiberger Stra\u00dfe<\/p>\n<p><span style=\"color: #3366ff;\"><a style=\"color: #3366ff;\" href=\"https:\/\/www.google.com\/maps\/place\/48%C2%B001'36.1%22N+11%C2%B034'12.9%22E\/@48.0267047,11.5704838,20.75z\/data=!4m13!1m6!3m5!1s0x479ddd1e81a0caa9:0xbed6f85c80f29e92!2sImkerei+Weigand!8m2!3d48.0266714!4d11.5707521!3m5!1s0x0:0xbfcddbe9fd1e9c56!7e2!8m2!3d48.0266928!4d11.5702525#:~:text=48%C2%B001%2736.1%22N%2011%C2%B034%2712.9%22E\" target=\"_blank\" rel=\"noopener\">Anfahrt zur Imkerei &gt;&gt;<\/a><\/span><\/p>\n<p>Tel.: 0176 456 756 15 oder 0176 963 17 007<\/p>\n<p>Mit ganz lieben Gr\u00fcssen<\/p>\n<p>Ihre regionale Imkerei Weigand<\/p>\n","protected":false},"excerpt":{"rendered":"<p>Die Imkerei Weigand wird seit 1974 in zweiter Generation von Erich Weigand &amp; Katrin Kurzbach gef\u00fchrt. Unser Ziel ist es, den Bienen in artgerechten Beuten mit Naturstoffen ein Zuhause zu geben. Der Standort liegt in Deisenhofen, im M\u00fcnchener S\u00fcden an einer Waldrandlage, mit nur wenig Landwirtschaft, wo ein unglaublich geschmacksintensiver Nektar und Pollen von den Bienen eingetragen <a href=\"https:\/\/imkerei-weigand.de\/?page_id=151\"> Read more&#8230;<\/a><\/p>\n","protected":false},"author":1,"featured_media":0,"parent":0,"menu_order":0,"comment_status":"closed","ping_status":"closed","template":"","meta":{"om_disable_all_campaigns":false,"_monsterinsights_skip_tracking":false,"_monsterinsights_sitenote_active":false,"_monsterinsights_sitenote_note":"","_monsterinsights_sitenote_category":0,"_themeisle_gutenberg_block_has_review":false,"footnotes":""},"class_list":["post-151","page","type-page","status-publish","hentry"],"aioseo_notices":[],"_links":{"self":[{"href":"https:\/\/imkerei-weigand.de\/index.php?rest_route=\/wp\/v2\/pages\/151","targetHints":{"allow":["GET"]}}],"collection":[{"href":"https:\/\/imkerei-weigand.de\/index.php?rest_route=\/wp\/v2\/pages"}],"about":[{"href":"https:\/\/imkerei-weigand.de\/index.php?rest_route=\/wp\/v2\/types\/page"}],"author":[{"embeddable":true,"href":"https:\/\/imkerei-weigand.de\/index.php?rest_route=\/wp\/v2\/users\/1"}],"replies":[{"embeddable":true,"href":"https:\/\/imkerei-weigand.de\/index.php?rest_route=%2Fwp%2Fv2%2Fcomments&post=151"}],"version-history":[{"count":1,"href":"https:\/\/imkerei-weigand.de\/index.php?rest_route=\/wp\/v2\/pages\/151\/revisions"}],"predecessor-version":[{"id":1545,"href":"https:\/\/imkerei-weigand.de\/index.php?rest_route=\/wp\/v2\/pages\/151\/revisions\/1545"}],"wp:attachment":[{"href":"https:\/\/imkerei-weigand.de\/index.php?rest_route=%2Fwp%2Fv2%2Fmedia&parent=151"}],"curies":[{"name":"wp","href":"https:\/\/api.w.org\/{rel}","templated":true}]}}